{"id":232,"date":"2023-09-15T18:05:32","date_gmt":"2023-09-15T16:05:32","guid":{"rendered":"https:\/\/larchicarabus.com\/?page_id=232"},"modified":"2023-09-15T18:06:10","modified_gmt":"2023-09-15T16:06:10","slug":"lundi-23-octobre","status":"publish","type":"page","link":"https:\/\/larchicarabus.com\/index.php\/le-programme-de-larchitour\/lundi-23-octobre\/","title":{"rendered":"Lundi 23 octobre 2023"},"content":{"rendered":"<style id=\"wpforms-css-vars-root\">\n\t\t\t\t:root {\n\t\t\t\t\t--wpforms-field-border-radius: 3px;\n--wpforms-field-background-color: #ffffff;\n--wpforms-field-border-color: rgba( 0, 0, 0, 0.25 );\n--wpforms-field-text-color: rgba( 0, 0, 0, 0.7 );\n--wpforms-label-color: rgba( 0, 0, 0, 0.85 );\n--wpforms-label-sublabel-color: rgba( 0, 0, 0, 0.55 );\n--wpforms-label-error-color: #d63637;\n--wpforms-button-border-radius: 3px;\n--wpforms-button-background-color: #066aab;\n--wpforms-button-text-color: #ffffff;\n--wpforms-field-size-input-height: 43px;\n--wpforms-field-size-input-spacing: 15px;\n--wpforms-field-size-font-size: 16px;\n--wpforms-field-size-line-height: 19px;\n--wpforms-field-size-padding-h: 14px;\n--wpforms-field-size-checkbox-size: 16px;\n--wpforms-field-size-sublabel-spacing: 5px;\n--wpforms-field-size-icon-size: 1;\n--wpforms-label-size-font-size: 16px;\n--wpforms-label-size-line-height: 19px;\n--wpforms-label-size-sublabel-font-size: 14px;\n--wpforms-label-size-sublabel-line-height: 17px;\n--wpforms-button-size-font-size: 17px;\n--wpforms-button-size-height: 41px;\n--wpforms-button-size-padding-h: 15px;\n--wpforms-button-size-margin-top: 10px;\n\n\t\t\t\t}\n\t\t\t<\/style><div class=\"wpforms-container wpforms-container-full wpforms-block wpforms-block-1f8c845f-ccca-40a4-8df9-f2794be27ec8 wpforms-render-modern\" id=\"wpforms-192\"><form id=\"wpforms-form-192\" class=\"wpforms-validate wpforms-form wpforms-ajax-form\" data-formid=\"192\" method=\"post\" enctype=\"multipart\/form-data\" action=\"\/index.php\/wp-json\/wp\/v2\/pages\/232\" data-token=\"1ebcc9f47a57aff763a406e439a522c7\"><div class=\"wpforms-head-container\"><div class=\"wpforms-title\">Atelier de sensibilisation enfants (\u00e2ge recommand\u00e9: 6-12 ans)<\/div><div class=\"wpforms-description\">Horaires : 10h-12h<\/div><\/div><noscript class=\"wpforms-error-noscript\">Veuillez activer JavaScript dans votre navigateur pour remplir ce formulaire.<\/noscript><div class=\"wpforms-hidden\" id=\"wpforms-error-noscript\">Veuillez activer JavaScript dans votre navigateur pour remplir ce formulaire.<\/div><div class=\"wpforms-field-container\"><div id=\"wpforms-192-field_1-container\" class=\"wpforms-field wpforms-field-name\" data-field-id=\"1\"><fieldset><legend class=\"wpforms-field-label\">Nom du participant <span class=\"wpforms-required-label\" aria-hidden=\"true\">*<\/span><\/legend><div class=\"wpforms-field-row wpforms-field-medium\"><div class=\"wpforms-field-row-block wpforms-first wpforms-one-half\"><input type=\"text\" id=\"wpforms-192-field_1\" class=\"wpforms-field-name-first wpforms-field-required\" name=\"wpforms[fields][1][first]\" aria-errormessage=\"wpforms-192-field_1-error\" required><label for=\"wpforms-192-field_1\" class=\"wpforms-field-sublabel after \">Pr\u00e9nom<\/label><\/div><div class=\"wpforms-field-row-block wpforms-one-half\"><input type=\"text\" id=\"wpforms-192-field_1-last\" class=\"wpforms-field-name-last wpforms-field-required\" name=\"wpforms[fields][1][last]\" aria-errormessage=\"wpforms-192-field_1-last-error\" required><label for=\"wpforms-192-field_1-last\" class=\"wpforms-field-sublabel after \">Nom<\/label><\/div><\/div><\/fieldset><\/div><div id=\"wpforms-192-field_2-container\" class=\"wpforms-field wpforms-field-email\" data-field-id=\"2\"><label class=\"wpforms-field-label\" for=\"wpforms-192-field_2\">Email <span class=\"wpforms-required-label\" aria-hidden=\"true\">*<\/span><\/label><input type=\"email\" id=\"wpforms-192-field_2\" class=\"wpforms-field-medium wpforms-field-required\" name=\"wpforms[fields][2]\" spellcheck=\"false\" aria-errormessage=\"wpforms-192-field_2-error\" required><\/div><div id=\"wpforms-192-field_46-container\" class=\"wpforms-field wpforms-field-text\" data-field-id=\"46\"><label class=\"wpforms-field-label\" for=\"wpforms-192-field_46\">Num\u00e9ro de t\u00e9l\u00e9phone <span class=\"wpforms-required-label\" aria-hidden=\"true\">*<\/span><\/label><input type=\"text\" id=\"wpforms-192-field_46\" class=\"wpforms-field-medium wpforms-field-required\" name=\"wpforms[fields][46]\" aria-errormessage=\"wpforms-192-field_46-error\" required><\/div><div id=\"wpforms-192-field_59-container\" class=\"wpforms-field wpforms-field-select wpforms-field-select-style-classic\" data-field-id=\"59\"><label class=\"wpforms-field-label\" for=\"wpforms-192-field_59\">Nombre de participants ? <span class=\"wpforms-required-label\" aria-hidden=\"true\">*<\/span><\/label><select id=\"wpforms-192-field_59\" class=\"wpforms-field-medium wpforms-field-required\" name=\"wpforms[fields][59]\" required=\"required\"><option value=\"1\" >1<\/option><option value=\"2\" >2<\/option><option value=\"3\" >3<\/option><option value=\"4\" >4<\/option><\/select><\/div><div id=\"wpforms-192-field_60-container\" class=\"wpforms-field wpforms-field-number-slider\" data-field-id=\"60\"><label class=\"wpforms-field-label\" for=\"wpforms-192-field_60\">L&#039;\u00e2ge de votre enfant ?<\/label>\n<input\n\ttype=\"range\"\n\tid=\"wpforms-192-field_60\" class=\"wpforms-field-medium\" name=\"wpforms[fields][60]\" value=\"5\" aria-errormessage=\"wpforms-192-field_60-error\"\t\tvalue=\"5\"\n\tmin=\"5\"\n\tmax=\"13\"\n\tstep=\"1\">\n\n<div class=\"wpforms-field-number-slider-hint\"\n\tdata-hint=\"{value} ans\">\n\t<b>5<\/b> ans<\/div>\n<\/div><div id=\"wpforms-192-field_55-container\" class=\"wpforms-field wpforms-field-name\" data-field-id=\"55\"><fieldset><legend class=\"wpforms-field-label\">Coordonn\u00e9es du responsable<\/legend><div class=\"wpforms-field-row wpforms-field-medium\"><div class=\"wpforms-field-row-block wpforms-first wpforms-one-half\"><input type=\"text\" id=\"wpforms-192-field_55\" class=\"wpforms-field-name-first\" name=\"wpforms[fields][55][first]\" aria-errormessage=\"wpforms-192-field_55-error\" ><label for=\"wpforms-192-field_55\" class=\"wpforms-field-sublabel after \">Pr\u00e9nom<\/label><\/div><div class=\"wpforms-field-row-block wpforms-one-half\"><input type=\"text\" id=\"wpforms-192-field_55-last\" class=\"wpforms-field-name-last\" name=\"wpforms[fields][55][last]\" aria-errormessage=\"wpforms-192-field_55-last-error\" ><label for=\"wpforms-192-field_55-last\" class=\"wpforms-field-sublabel after \">Nom<\/label><\/div><\/div><\/fieldset><\/div><div id=\"wpforms-192-field_56-container\" class=\"wpforms-field wpforms-field-text\" data-field-id=\"56\"><label class=\"wpforms-field-label\" for=\"wpforms-192-field_56\">Num\u00e9ro de t\u00e9l\u00e9phone \u00e0 contacter (si diff\u00e9rent)<\/label><input type=\"text\" id=\"wpforms-192-field_56\" class=\"wpforms-field-medium\" name=\"wpforms[fields][56]\" aria-errormessage=\"wpforms-192-field_56-error\" ><\/div><div id=\"wpforms-192-field_62-container\" class=\"wpforms-field wpforms-field-textarea\" data-field-id=\"62\"><label class=\"wpforms-field-label\" for=\"wpforms-192-field_62\">Une question ? Un petit mot ?<\/label><textarea id=\"wpforms-192-field_62\" class=\"wpforms-field-medium\" name=\"wpforms[fields][62]\" aria-errormessage=\"wpforms-192-field_62-error\" ><\/textarea><\/div><\/div><!-- .wpforms-field-container --><div class=\"wpforms-submit-container\" ><input type=\"hidden\" name=\"wpforms[id]\" value=\"192\"><input type=\"hidden\" name=\"wpforms[author]\" value=\"1\"><button type=\"submit\" name=\"wpforms[submit]\" id=\"wpforms-submit-192\" class=\"wpforms-submit\" data-alt-text=\"Envoi en cours...\" data-submit-text=\"R\u00e9server\" aria-live=\"assertive\" value=\"wpforms-submit\">R\u00e9server<\/button><img loading=\"lazy\" decoding=\"async\" src=\"https:\/\/larchicarabus.com\/wp-content\/plugins\/wpforms-lite\/assets\/images\/submit-spin.svg\" class=\"wpforms-submit-spinner\" style=\"display: none;\" width=\"26\" height=\"26\" alt=\"Chargement en cours\"><\/div><\/form><\/div>  <!-- .wpforms-container -->","protected":false},"excerpt":{"rendered":"","protected":false},"author":1,"featured_media":0,"parent":156,"menu_order":2,"comment_status":"closed","ping_status":"closed","template":"","meta":{"_EventAllDay":false,"_EventTimezone":"","_EventStartDate":"","_EventEndDate":"","_EventStartDateUTC":"","_EventEndDateUTC":"","_EventShowMap":false,"_EventShowMapLink":false,"_EventURL":"","_EventCost":"","_EventCostDescription":"","_EventCurrencySymbol":"","_EventCurrencyCode":"","_EventCurrencyPosition":"","_EventDateTimeSeparator":"","_EventTimeRangeSeparator":"","_EventOrganizerID":[],"_EventVenueID":[],"_OrganizerEmail":"","_OrganizerPhone":"","_OrganizerWebsite":"","_VenueAddress":"","_VenueCity":"","_VenueCountry":"","_VenueProvince":"","_VenueState":"","_VenueZip":"","_VenuePhone":"","_VenueURL":"","_VenueStateProvince":"","_VenueLat":"","_VenueLng":"","_VenueShowMap":false,"_VenueShowMapLink":false,"footnotes":""},"class_list":["post-232","page","type-page","status-publish","hentry"],"_links":{"self":[{"href":"https:\/\/larchicarabus.com\/index.php\/wp-json\/wp\/v2\/pages\/232","targetHints":{"allow":["GET"]}}],"collection":[{"href":"https:\/\/larchicarabus.com\/index.php\/wp-json\/wp\/v2\/pages"}],"about":[{"href":"https:\/\/larchicarabus.com\/index.php\/wp-json\/wp\/v2\/types\/page"}],"author":[{"embeddable":true,"href":"https:\/\/larchicarabus.com\/index.php\/wp-json\/wp\/v2\/users\/1"}],"replies":[{"embeddable":true,"href":"https:\/\/larchicarabus.com\/index.php\/wp-json\/wp\/v2\/comments?post=232"}],"version-history":[{"count":2,"href":"https:\/\/larchicarabus.com\/index.php\/wp-json\/wp\/v2\/pages\/232\/revisions"}],"predecessor-version":[{"id":235,"href":"https:\/\/larchicarabus.com\/index.php\/wp-json\/wp\/v2\/pages\/232\/revisions\/235"}],"up":[{"embeddable":true,"href":"https:\/\/larchicarabus.com\/index.php\/wp-json\/wp\/v2\/pages\/156"}],"wp:attachment":[{"href":"https:\/\/larchicarabus.com\/index.php\/wp-json\/wp\/v2\/media?parent=232"}],"curies":[{"name":"wp","href":"https:\/\/api.w.org\/{rel}","templated":true}]}}